{"id":4436,"date":"2023-11-15T14:26:07","date_gmt":"2023-11-15T14:26:07","guid":{"rendered":"http:\/\/www.syloocamper.com\/?post_type=product&#038;p=4436"},"modified":"2023-11-15T14:26:08","modified_gmt":"2023-11-15T14:26:08","slug":"gok-tekli-gaz-vanasi","status":"publish","type":"product","link":"http:\/\/www.syloocamper.com\/?product=gok-tekli-gaz-vanasi","title":{"rendered":"GOK Tekli Gaz Vanas\u0131"},"content":{"rendered":"<p>Karavan\u0131n\u0131zda bulunan LPG\u2019li cihazlar\u0131n gaz ba\u011flant\u0131s\u0131 pratik bir \u015fekilde a\u00e7\u0131p kapatmak i\u00e7in tekli valfi kullanabilirsiniz.<br \/>\nOptimizasyon fonksiyonu sayesinde d\u00fc\u015f\u00fck bas\u0131n\u00e7 kayb\u0131 sa\u011flamaktad\u0131r.<\/p>\n","protected":false},"excerpt":{"rendered":"<p>GOK Tekli Gaz Vanas\u0131<\/p>\n","protected":false},"featured_media":4434,"comment_status":"open","ping_status":"closed","template":"","meta":[],"product_cat":[58],"product_tag":[132,131,140,136],"yoast_head":"<!-- This site is optimized with the Yoast SEO plugin v21.7 - https:\/\/yoast.com\/wordpress\/plugins\/seo\/ -->\n<title>GOK Tekli Gaz Vanas\u0131 - SYLOOCAMPER - Karavan Malzemesi ve Uygulama<\/title>\n<meta name=\"description\" content=\"GOK Tekli Gaz Vanas\u0131\" \/>\n<meta name=\"robots\" content=\"index, follow, max-snippet:-1, max-image-preview:large, max-video-preview:-1\" \/>\n<link rel=\"canonical\" href=\"http:\/\/www.syloocamper.com\/?product=gok-tekli-gaz-vanasi\" \/>\n<meta property=\"og:locale\" content=\"tr_TR\" \/>\n<meta property=\"og:type\" content=\"article\" \/>\n<meta property=\"og:title\" content=\"GOK Tekli Gaz Vanas\u0131 - SYLOOCAMPER - Karavan Malzemesi ve Uygulama\" \/>\n<meta property=\"og:description\" content=\"GOK Tekli Gaz Vanas\u0131\" \/>\n<meta property=\"og:url\" content=\"http:\/\/www.syloocamper.com\/?product=gok-tekli-gaz-vanasi\" \/>\n<meta property=\"og:site_name\" content=\"SYLOOCAMPER - Karavan Malzemesi ve Uygulama\" \/>\n<meta property=\"article:modified_time\" content=\"2023-11-15T14:26:08+00:00\" \/>\n<meta property=\"og:image\" content=\"http:\/\/www.syloocamper.com\/wp-content\/uploads\/2023\/11\/3-12.png\" \/>\n\t<meta property=\"og:image:width\" content=\"1080\" \/>\n\t<meta property=\"og:image:height\" content=\"1080\" \/>\n\t<meta property=\"og:image:type\" content=\"image\/png\" \/>\n<meta name=\"twitter:card\" content=\"summary_large_image\" \/>\n<meta name=\"twitter:label1\" content=\"Tahmini okuma s\u00fcresi\" \/>\n\t<meta name=\"twitter:data1\" content=\"1 dakika\" \/>\n<script type=\"application\/ld+json\" class=\"yoast-schema-graph\">{\"@context\":\"https:\/\/schema.org\",\"@graph\":[{\"@type\":\"WebPage\",\"@id\":\"http:\/\/www.syloocamper.com\/?product=gok-tekli-gaz-vanasi\",\"url\":\"http:\/\/www.syloocamper.com\/?product=gok-tekli-gaz-vanasi\",\"name\":\"GOK Tekli Gaz Vanas\u0131 - SYLOOCAMPER - Karavan Malzemesi ve Uygulama\",\"isPartOf\":{\"@id\":\"http:\/\/www.syloocamper.com\/#website\"},\"datePublished\":\"2023-11-15T14:26:07+00:00\",\"dateModified\":\"2023-11-15T14:26:08+00:00\",\"description\":\"GOK Tekli Gaz Vanas\u0131\",\"breadcrumb\":{\"@id\":\"http:\/\/www.syloocamper.com\/?product=gok-tekli-gaz-vanasi#breadcrumb\"},\"inLanguage\":\"tr\",\"potentialAction\":[{\"@type\":\"ReadAction\",\"target\":[\"http:\/\/www.syloocamper.com\/?product=gok-tekli-gaz-vanasi\"]}]},{\"@type\":\"BreadcrumbList\",\"@id\":\"http:\/\/www.syloocamper.com\/?product=gok-tekli-gaz-vanasi#breadcrumb\",\"itemListElement\":[{\"@type\":\"ListItem\",\"position\":1,\"name\":\"Anasayfa\",\"item\":\"http:\/\/www.syloocamper.com\/\"},{\"@type\":\"ListItem\",\"position\":2,\"name\":\"Ma\u011faza\",\"item\":\"http:\/\/www.syloocamper.com\/?page_id=4121\"},{\"@type\":\"ListItem\",\"position\":3,\"name\":\"GOK Tekli Gaz Vanas\u0131\"}]},{\"@type\":\"WebSite\",\"@id\":\"http:\/\/www.syloocamper.com\/#website\",\"url\":\"http:\/\/www.syloocamper.com\/\",\"name\":\"SYLOOCAMPER - Karavan Malzemesi ve Uygulama\",\"description\":\"Karavan malzemeleri geni\u015f &uuml;r&uuml;n yelpazesi, karavan yap\u0131m\u0131, kiralama, uygulama, &uuml;retim, VW T1, VW T2, VW T3, VW T4, VW T5, VW T6 ve t&uuml;m modeller\",\"potentialAction\":[{\"@type\":\"SearchAction\",\"target\":{\"@type\":\"EntryPoint\",\"urlTemplate\":\"http:\/\/www.syloocamper.com\/?s={search_term_string}\"},\"query-input\":\"required name=search_term_string\"}],\"inLanguage\":\"tr\"}]}<\/script>\n<!-- \/ Yoast SEO plugin. -->","yoast_head_json":{"title":"GOK Tekli Gaz Vanas\u0131 - SYLOOCAMPER - Karavan Malzemesi ve Uygulama","description":"GOK Tekli Gaz Vanas\u0131","robots":{"index":"index","follow":"follow","max-snippet":"max-snippet:-1","max-image-preview":"max-image-preview:large","max-video-preview":"max-video-preview:-1"},"canonical":"http:\/\/www.syloocamper.com\/?product=gok-tekli-gaz-vanasi","og_locale":"tr_TR","og_type":"article","og_title":"GOK Tekli Gaz Vanas\u0131 - SYLOOCAMPER - Karavan Malzemesi ve Uygulama","og_description":"GOK Tekli Gaz Vanas\u0131","og_url":"http:\/\/www.syloocamper.com\/?product=gok-tekli-gaz-vanasi","og_site_name":"SYLOOCAMPER - Karavan Malzemesi ve Uygulama","article_modified_time":"2023-11-15T14:26:08+00:00","og_image":[{"width":1080,"height":1080,"url":"http:\/\/www.syloocamper.com\/wp-content\/uploads\/2023\/11\/3-12.png","type":"image\/png"}],"twitter_card":"summary_large_image","twitter_misc":{"Tahmini okuma s\u00fcresi":"1 dakika"},"schema":{"@context":"https:\/\/schema.org","@graph":[{"@type":"WebPage","@id":"http:\/\/www.syloocamper.com\/?product=gok-tekli-gaz-vanasi","url":"http:\/\/www.syloocamper.com\/?product=gok-tekli-gaz-vanasi","name":"GOK Tekli Gaz Vanas\u0131 - SYLOOCAMPER - Karavan Malzemesi ve Uygulama","isPartOf":{"@id":"http:\/\/www.syloocamper.com\/#website"},"datePublished":"2023-11-15T14:26:07+00:00","dateModified":"2023-11-15T14:26:08+00:00","description":"GOK Tekli Gaz Vanas\u0131","breadcrumb":{"@id":"http:\/\/www.syloocamper.com\/?product=gok-tekli-gaz-vanasi#breadcrumb"},"inLanguage":"tr","potentialAction":[{"@type":"ReadAction","target":["http:\/\/www.syloocamper.com\/?product=gok-tekli-gaz-vanasi"]}]},{"@type":"BreadcrumbList","@id":"http:\/\/www.syloocamper.com\/?product=gok-tekli-gaz-vanasi#breadcrumb","itemListElement":[{"@type":"ListItem","position":1,"name":"Anasayfa","item":"http:\/\/www.syloocamper.com\/"},{"@type":"ListItem","position":2,"name":"Ma\u011faza","item":"http:\/\/www.syloocamper.com\/?page_id=4121"},{"@type":"ListItem","position":3,"name":"GOK Tekli Gaz Vanas\u0131"}]},{"@type":"WebSite","@id":"http:\/\/www.syloocamper.com\/#website","url":"http:\/\/www.syloocamper.com\/","name":"SYLOOCAMPER - Karavan Malzemesi ve Uygulama","description":"Karavan malzemeleri geni\u015f &uuml;r&uuml;n yelpazesi, karavan yap\u0131m\u0131, kiralama, uygulama, &uuml;retim, VW T1, VW T2, VW T3, VW T4, VW T5, VW T6 ve t&uuml;m modeller","potentialAction":[{"@type":"SearchAction","target":{"@type":"EntryPoint","urlTemplate":"http:\/\/www.syloocamper.com\/?s={search_term_string}"},"query-input":"required name=search_term_string"}],"inLanguage":"tr"}]}},"_links":{"self":[{"href":"http:\/\/www.syloocamper.com\/index.php?rest_route=\/wp\/v2\/product\/4436"}],"collection":[{"href":"http:\/\/www.syloocamper.com\/index.php?rest_route=\/wp\/v2\/product"}],"about":[{"href":"http:\/\/www.syloocamper.com\/index.php?rest_route=\/wp\/v2\/types\/product"}],"replies":[{"embeddable":true,"href":"http:\/\/www.syloocamper.com\/index.php?rest_route=%2Fwp%2Fv2%2Fcomments&post=4436"}],"wp:featuredmedia":[{"embeddable":true,"href":"http:\/\/www.syloocamper.com\/index.php?rest_route=\/wp\/v2\/media\/4434"}],"wp:attachment":[{"href":"http:\/\/www.syloocamper.com\/index.php?rest_route=%2Fwp%2Fv2%2Fmedia&parent=4436"}],"wp:term":[{"taxonomy":"product_cat","embeddable":true,"href":"http:\/\/www.syloocamper.com\/index.php?rest_route=%2Fwp%2Fv2%2Fproduct_cat&post=4436"},{"taxonomy":"product_tag","embeddable":true,"href":"http:\/\/www.syloocamper.com\/index.php?rest_route=%2Fwp%2Fv2%2Fproduct_tag&post=4436"}],"curies":[{"name":"wp","href":"https:\/\/api.w.org\/{rel}","templated":true}]}}