{"id":4464,"date":"2023-11-15T14:59:36","date_gmt":"2023-11-15T14:59:36","guid":{"rendered":"http:\/\/www.syloocamper.com\/?post_type=product&#038;p=4464"},"modified":"2023-11-15T14:59:37","modified_gmt":"2023-11-15T14:59:37","slug":"berhimi-aspirator-12v-bacali-direkt-montaj-edilebilir-38x5x285-cm","status":"publish","type":"product","link":"http:\/\/www.syloocamper.com\/?product=berhimi-aspirator-12v-bacali-direkt-montaj-edilebilir-38x5x285-cm","title":{"rendered":"Berhimi Aspirat\u00f6r 12V (Bacal\u0131, Direkt montaj edilebilir) 38x5x28,5 cm"},"content":{"rendered":"<table style=\"height: 263px;\" border=\"1\" width=\"410\">\n<tbody>\n<tr>\n<td><strong>Boyut (en x boy x derinlik)<\/strong><\/td>\n<td>38.1 x 50 x 28.6 cm<\/td>\n<\/tr>\n<tr>\n<td><strong>Voltaj<\/strong><\/td>\n<td>12 V<\/td>\n<\/tr>\n<tr>\n<td><strong>G\u00fc\u00e7 T\u00fcketimi<\/strong><\/td>\n<td>40 W<\/td>\n<\/tr>\n<tr>\n<td><strong>Hava Ak\u0131\u015f De\u011feri<\/strong><\/td>\n<td>16 m\u00b3\/dak<\/td>\n<\/tr>\n<tr>\n<td><strong>Ayd\u0131nlatma<\/strong><\/td>\n<td>Var (LED)<\/td>\n<\/tr>\n<tr>\n<td><strong>Kontrol Paneli<\/strong><\/td>\n<td>Dokunmatik ekran<\/td>\n<\/tr>\n<\/tbody>\n<\/table>\n","protected":false},"excerpt":{"rendered":"<p>Berhimi Aspirat\u00f6r 12V (Bacal\u0131, Direkt montaj edilebilir) 38x5x28,5 cm<\/p>\n","protected":false},"featured_media":4460,"comment_status":"open","ping_status":"closed","template":"","meta":[],"product_cat":[64],"product_tag":[163,162,141],"yoast_head":"<!-- This site is optimized with the Yoast SEO plugin v21.7 - https:\/\/yoast.com\/wordpress\/plugins\/seo\/ -->\n<title>Berhimi Aspirat\u00f6r 12V (Bacal\u0131, Direkt montaj edilebilir) 38x5x28,5 cm - SYLOOCAMPER - Karavan Malzemesi ve Uygulama<\/title>\n<meta name=\"description\" content=\"Berhimi Aspirat\u00f6r 12V (Bacal\u0131, Direkt montaj edilebilir) 38x5x28,5 cm\" \/>\n<meta name=\"robots\" content=\"index, follow, max-snippet:-1, max-image-preview:large, max-video-preview:-1\" \/>\n<link rel=\"canonical\" href=\"http:\/\/www.syloocamper.com\/?product=berhimi-aspirator-12v-bacali-direkt-montaj-edilebilir-38x5x285-cm\" \/>\n<meta property=\"og:locale\" content=\"tr_TR\" \/>\n<meta property=\"og:type\" content=\"article\" \/>\n<meta property=\"og:title\" content=\"Berhimi Aspirat\u00f6r 12V (Bacal\u0131, Direkt montaj edilebilir) 38x5x28,5 cm - SYLOOCAMPER - Karavan Malzemesi ve Uygulama\" \/>\n<meta property=\"og:description\" content=\"Berhimi Aspirat\u00f6r 12V (Bacal\u0131, Direkt montaj edilebilir) 38x5x28,5 cm\" \/>\n<meta property=\"og:url\" content=\"http:\/\/www.syloocamper.com\/?product=berhimi-aspirator-12v-bacali-direkt-montaj-edilebilir-38x5x285-cm\" \/>\n<meta property=\"og:site_name\" content=\"SYLOOCAMPER - Karavan Malzemesi ve Uygulama\" \/>\n<meta property=\"article:modified_time\" content=\"2023-11-15T14:59:37+00:00\" \/>\n<meta property=\"og:image\" content=\"http:\/\/www.syloocamper.com\/wp-content\/uploads\/2023\/11\/2-16.png\" \/>\n\t<meta property=\"og:image:width\" content=\"1080\" \/>\n\t<meta property=\"og:image:height\" content=\"1080\" \/>\n\t<meta property=\"og:image:type\" content=\"image\/png\" \/>\n<meta name=\"twitter:card\" content=\"summary_large_image\" \/>\n<meta name=\"twitter:label1\" content=\"Tahmini okuma s\u00fcresi\" \/>\n\t<meta name=\"twitter:data1\" content=\"1 dakika\" \/>\n<script type=\"application\/ld+json\" class=\"yoast-schema-graph\">{\"@context\":\"https:\/\/schema.org\",\"@graph\":[{\"@type\":\"WebPage\",\"@id\":\"http:\/\/www.syloocamper.com\/?product=berhimi-aspirator-12v-bacali-direkt-montaj-edilebilir-38x5x285-cm\",\"url\":\"http:\/\/www.syloocamper.com\/?product=berhimi-aspirator-12v-bacali-direkt-montaj-edilebilir-38x5x285-cm\",\"name\":\"Berhimi Aspirat\u00f6r 12V (Bacal\u0131, Direkt montaj edilebilir) 38x5x28,5 cm - SYLOOCAMPER - Karavan Malzemesi ve Uygulama\",\"isPartOf\":{\"@id\":\"http:\/\/www.syloocamper.com\/#website\"},\"datePublished\":\"2023-11-15T14:59:36+00:00\",\"dateModified\":\"2023-11-15T14:59:37+00:00\",\"description\":\"Berhimi Aspirat\u00f6r 12V (Bacal\u0131, Direkt montaj edilebilir) 38x5x28,5 cm\",\"breadcrumb\":{\"@id\":\"http:\/\/www.syloocamper.com\/?product=berhimi-aspirator-12v-bacali-direkt-montaj-edilebilir-38x5x285-cm#breadcrumb\"},\"inLanguage\":\"tr\",\"potentialAction\":[{\"@type\":\"ReadAction\",\"target\":[\"http:\/\/www.syloocamper.com\/?product=berhimi-aspirator-12v-bacali-direkt-montaj-edilebilir-38x5x285-cm\"]}]},{\"@type\":\"BreadcrumbList\",\"@id\":\"http:\/\/www.syloocamper.com\/?product=berhimi-aspirator-12v-bacali-direkt-montaj-edilebilir-38x5x285-cm#breadcrumb\",\"itemListElement\":[{\"@type\":\"ListItem\",\"position\":1,\"name\":\"Anasayfa\",\"item\":\"http:\/\/www.syloocamper.com\/\"},{\"@type\":\"ListItem\",\"position\":2,\"name\":\"Ma\u011faza\",\"item\":\"http:\/\/www.syloocamper.com\/?page_id=4121\"},{\"@type\":\"ListItem\",\"position\":3,\"name\":\"Berhimi Aspirat\u00f6r 12V (Bacal\u0131, Direkt montaj edilebilir) 38x5x28,5 cm\"}]},{\"@type\":\"WebSite\",\"@id\":\"http:\/\/www.syloocamper.com\/#website\",\"url\":\"http:\/\/www.syloocamper.com\/\",\"name\":\"SYLOOCAMPER - Karavan Malzemesi ve Uygulama\",\"description\":\"Karavan malzemeleri geni\u015f &uuml;r&uuml;n yelpazesi, karavan yap\u0131m\u0131, kiralama, uygulama, &uuml;retim, VW T1, VW T2, VW T3, VW T4, VW T5, VW T6 ve t&uuml;m modeller\",\"potentialAction\":[{\"@type\":\"SearchAction\",\"target\":{\"@type\":\"EntryPoint\",\"urlTemplate\":\"http:\/\/www.syloocamper.com\/?s={search_term_string}\"},\"query-input\":\"required name=search_term_string\"}],\"inLanguage\":\"tr\"}]}<\/script>\n<!-- \/ Yoast SEO plugin. -->","yoast_head_json":{"title":"Berhimi Aspirat\u00f6r 12V (Bacal\u0131, Direkt montaj edilebilir) 38x5x28,5 cm - SYLOOCAMPER - Karavan Malzemesi ve Uygulama","description":"Berhimi Aspirat\u00f6r 12V (Bacal\u0131, Direkt montaj edilebilir) 38x5x28,5 cm","robots":{"index":"index","follow":"follow","max-snippet":"max-snippet:-1","max-image-preview":"max-image-preview:large","max-video-preview":"max-video-preview:-1"},"canonical":"http:\/\/www.syloocamper.com\/?product=berhimi-aspirator-12v-bacali-direkt-montaj-edilebilir-38x5x285-cm","og_locale":"tr_TR","og_type":"article","og_title":"Berhimi Aspirat\u00f6r 12V (Bacal\u0131, Direkt montaj edilebilir) 38x5x28,5 cm - SYLOOCAMPER - Karavan Malzemesi ve Uygulama","og_description":"Berhimi Aspirat\u00f6r 12V (Bacal\u0131, Direkt montaj edilebilir) 38x5x28,5 cm","og_url":"http:\/\/www.syloocamper.com\/?product=berhimi-aspirator-12v-bacali-direkt-montaj-edilebilir-38x5x285-cm","og_site_name":"SYLOOCAMPER - Karavan Malzemesi ve Uygulama","article_modified_time":"2023-11-15T14:59:37+00:00","og_image":[{"width":1080,"height":1080,"url":"http:\/\/www.syloocamper.com\/wp-content\/uploads\/2023\/11\/2-16.png","type":"image\/png"}],"twitter_card":"summary_large_image","twitter_misc":{"Tahmini okuma s\u00fcresi":"1 dakika"},"schema":{"@context":"https:\/\/schema.org","@graph":[{"@type":"WebPage","@id":"http:\/\/www.syloocamper.com\/?product=berhimi-aspirator-12v-bacali-direkt-montaj-edilebilir-38x5x285-cm","url":"http:\/\/www.syloocamper.com\/?product=berhimi-aspirator-12v-bacali-direkt-montaj-edilebilir-38x5x285-cm","name":"Berhimi Aspirat\u00f6r 12V (Bacal\u0131, Direkt montaj edilebilir) 38x5x28,5 cm - SYLOOCAMPER - Karavan Malzemesi ve Uygulama","isPartOf":{"@id":"http:\/\/www.syloocamper.com\/#website"},"datePublished":"2023-11-15T14:59:36+00:00","dateModified":"2023-11-15T14:59:37+00:00","description":"Berhimi Aspirat\u00f6r 12V (Bacal\u0131, Direkt montaj edilebilir) 38x5x28,5 cm","breadcrumb":{"@id":"http:\/\/www.syloocamper.com\/?product=berhimi-aspirator-12v-bacali-direkt-montaj-edilebilir-38x5x285-cm#breadcrumb"},"inLanguage":"tr","potentialAction":[{"@type":"ReadAction","target":["http:\/\/www.syloocamper.com\/?product=berhimi-aspirator-12v-bacali-direkt-montaj-edilebilir-38x5x285-cm"]}]},{"@type":"BreadcrumbList","@id":"http:\/\/www.syloocamper.com\/?product=berhimi-aspirator-12v-bacali-direkt-montaj-edilebilir-38x5x285-cm#breadcrumb","itemListElement":[{"@type":"ListItem","position":1,"name":"Anasayfa","item":"http:\/\/www.syloocamper.com\/"},{"@type":"ListItem","position":2,"name":"Ma\u011faza","item":"http:\/\/www.syloocamper.com\/?page_id=4121"},{"@type":"ListItem","position":3,"name":"Berhimi Aspirat\u00f6r 12V (Bacal\u0131, Direkt montaj edilebilir) 38x5x28,5 cm"}]},{"@type":"WebSite","@id":"http:\/\/www.syloocamper.com\/#website","url":"http:\/\/www.syloocamper.com\/","name":"SYLOOCAMPER - Karavan Malzemesi ve Uygulama","description":"Karavan malzemeleri geni\u015f &uuml;r&uuml;n yelpazesi, karavan yap\u0131m\u0131, kiralama, uygulama, &uuml;retim, VW T1, VW T2, VW T3, VW T4, VW T5, VW T6 ve t&uuml;m modeller","potentialAction":[{"@type":"SearchAction","target":{"@type":"EntryPoint","urlTemplate":"http:\/\/www.syloocamper.com\/?s={search_term_string}"},"query-input":"required name=search_term_string"}],"inLanguage":"tr"}]}},"_links":{"self":[{"href":"http:\/\/www.syloocamper.com\/index.php?rest_route=\/wp\/v2\/product\/4464"}],"collection":[{"href":"http:\/\/www.syloocamper.com\/index.php?rest_route=\/wp\/v2\/product"}],"about":[{"href":"http:\/\/www.syloocamper.com\/index.php?rest_route=\/wp\/v2\/types\/product"}],"replies":[{"embeddable":true,"href":"http:\/\/www.syloocamper.com\/index.php?rest_route=%2Fwp%2Fv2%2Fcomments&post=4464"}],"wp:featuredmedia":[{"embeddable":true,"href":"http:\/\/www.syloocamper.com\/index.php?rest_route=\/wp\/v2\/media\/4460"}],"wp:attachment":[{"href":"http:\/\/www.syloocamper.com\/index.php?rest_route=%2Fwp%2Fv2%2Fmedia&parent=4464"}],"wp:term":[{"taxonomy":"product_cat","embeddable":true,"href":"http:\/\/www.syloocamper.com\/index.php?rest_route=%2Fwp%2Fv2%2Fproduct_cat&post=4464"},{"taxonomy":"product_tag","embeddable":true,"href":"http:\/\/www.syloocamper.com\/index.php?rest_route=%2Fwp%2Fv2%2Fproduct_tag&post=4464"}],"curies":[{"name":"wp","href":"https:\/\/api.w.org\/{rel}","templated":true}]}}